{"id":336,"date":"2026-01-25T20:20:40","date_gmt":"2026-01-25T20:20:40","guid":{"rendered":"https:\/\/woshu.es\/?page_id=336"},"modified":"2026-02-20T08:24:50","modified_gmt":"2026-02-20T08:24:50","slug":"contacto","status":"publish","type":"page","link":"https:\/\/woshu.es\/ca\/contacto\/","title":{"rendered":"contacte"},"content":{"rendered":"<div data-elementor-type=\"wp-page\" data-elementor-id=\"336\" class=\"elementor elementor-336\" data-elementor-post-type=\"page\">\n\t\t\t\t<div class=\"elementor-element elementor-element-6adc942 e-flex e-con-boxed e-con e-parent\" data-id=\"6adc942\" data-element_type=\"container\" data-e-type=\"container\" data-settings=\"{&quot;background_background&quot;:&quot;classic&quot;}\">\n\t\t\t\t\t<div class=\"e-con-inner\">\n\t\t<div class=\"elementor-element elementor-element-171762e e-con-full e-flex e-con e-child\" data-id=\"171762e\" data-element_type=\"container\" data-e-type=\"container\">\n\t\t\t\t<div class=\"elementor-element elementor-element-498a39c elementor-widget elementor-widget-heading\" data-id=\"498a39c\" data-element_type=\"widget\" data-e-type=\"widget\" data-widget_type=\"heading.default\">\n\t\t\t\t\t<h1 class=\"elementor-heading-title elementor-size-default\">Contacta amb nosaltres<\/h1>\t\t\t\t<\/div>\n\t\t\t\t<\/div>\n\t\t\t\t\t<\/div>\n\t\t\t\t<\/div>\n\t\t<div class=\"elementor-element elementor-element-986e47c e-flex e-con-boxed e-con e-parent\" data-id=\"986e47c\" data-element_type=\"container\" data-e-type=\"container\">\n\t\t\t\t\t<div class=\"e-con-inner\">\n\t\t<div class=\"elementor-element elementor-element-93ef13d e-con-full e-flex e-con e-child\" data-id=\"93ef13d\" data-element_type=\"container\" data-e-type=\"container\">\n\t\t\t\t<div class=\"elementor-element elementor-element-64ad3d4 elementor-widget elementor-widget-google_maps\" data-id=\"64ad3d4\" data-element_type=\"widget\" data-e-type=\"widget\" data-widget_type=\"google_maps.default\">\n\t\t\t\t\t\t\t<div class=\"elementor-custom-embed\">\n\t\t\t<iframe loading=\"lazy\"\n\t\t\t\t\tsrc=\"https:\/\/maps.google.com\/maps?q=Carrer%20de%20Sant%20Pelegr%C3%AD%2C%2012%2C%2025300%20T%C3%A0rrega%2C%20Lleida&#038;t=m&#038;z=16&#038;output=embed&#038;iwloc=near\"\n\t\t\t\t\ttitle=\"Carrer de Sant Pelegr\u00ed, 12, 25300 T\u00e0rrega, Lleida\"\n\t\t\t\t\taria-label=\"Carrer de Sant Pelegr\u00ed, 12, 25300 T\u00e0rrega, Lleida\"\n\t\t\t><\/iframe>\n\t\t<\/div>\n\t\t\t\t\t\t<\/div>\n\t\t\t\t<\/div>\n\t\t<div class=\"elementor-element elementor-element-fb0b23e e-con-full e-flex e-con e-child\" data-id=\"fb0b23e\" data-element_type=\"container\" data-e-type=\"container\">\n\t\t\t\t<div class=\"elementor-element elementor-element-1b2a767 elementor-widget elementor-widget-heading\" data-id=\"1b2a767\" data-element_type=\"widget\" data-e-type=\"widget\" data-widget_type=\"heading.default\">\n\t\t\t\t\t<h2 class=\"elementor-heading-title elementor-size-default\">Tens cap dubte?<\/h2>\t\t\t\t<\/div>\n\t\t\t\t<div class=\"elementor-element elementor-element-a060b26 elementor-widget elementor-widget-text-editor\" data-id=\"a060b26\" data-element_type=\"widget\" data-e-type=\"widget\" data-widget_type=\"text-editor.default\">\n\t\t\t\t\t\t\t\t\t<p>Si t'agradaria posar-te en contacte amb nosaltres o tens qualsevol dubte, no ho dubtis i contacta'ns.\u00a0 T'ajudarem en tot all\u00f2 que sigui possible perqu\u00e8 puguis gaudir de la teva experi\u00e8ncia Woshu.<\/p><p>Horaris:<\/p><ul><li>Dimecres a dilluns 12:00 \u2013 15:00, 19:00-00:00<\/li><li>Dimarts tancat<\/li><\/ul>\t\t\t\t\t\t\t\t<\/div>\n\t\t\t\t<div class=\"elementor-element elementor-element-80f894b elementor-mobile-align-center elementor-icon-list--layout-traditional elementor-list-item-link-full_width elementor-widget elementor-widget-icon-list\" data-id=\"80f894b\" data-element_type=\"widget\" data-e-type=\"widget\" data-widget_type=\"icon-list.default\">\n\t\t\t\t\t\t\t<ul class=\"elementor-icon-list-items\">\n\t\t\t\t\t\t\t<li class=\"elementor-icon-list-item\">\n\t\t\t\t\t\t\t\t\t\t\t<a href=\"tel:633327018\">\n\n\t\t\t\t\t\t\t\t\t\t\t\t<span class=\"elementor-icon-list-icon\">\n\t\t\t\t\t\t\t<svg aria-hidden=\"true\" class=\"e-font-icon-svg e-fas-phone-alt\" viewbox=\"0 0 512 512\" xmlns=\"http:\/\/www.w3.org\/2000\/svg\"><path d=\"M497.39 361.8l-112-48a24 24 0 0 0-28 6.9l-49.6 60.6A370.66 370.66 0 0 1 130.6 204.11l60.6-49.6a23.94 23.94 0 0 0 6.9-28l-48-112A24.16 24.16 0 0 0 122.6.61l-104 24A24 24 0 0 0 0 48c0 256.5 207.9 464 464 464a24 24 0 0 0 23.4-18.6l24-104a24.29 24.29 0 0 0-14.01-27.6z\"><\/path><\/svg>\t\t\t\t\t\t<\/span>\n\t\t\t\t\t\t\t\t\t\t<span class=\"elementor-icon-list-text\">633 32 70 18<\/span>\n\t\t\t\t\t\t\t\t\t\t\t<\/a>\n\t\t\t\t\t\t\t\t\t<\/li>\n\t\t\t\t\t\t\t\t<li class=\"elementor-icon-list-item\">\n\t\t\t\t\t\t\t\t\t\t\t<a href=\"mailto:woshuscp@gmail.com\">\n\n\t\t\t\t\t\t\t\t\t\t\t\t<span class=\"elementor-icon-list-icon\">\n\t\t\t\t\t\t\t<svg aria-hidden=\"true\" class=\"e-font-icon-svg e-far-envelope\" viewbox=\"0 0 512 512\" xmlns=\"http:\/\/www.w3.org\/2000\/svg\"><path d=\"M464 64H48C21.49 64 0 85.49 0 112v288c0 26.51 21.49 48 48 48h416c26.51 0 48-21.49 48-48V112c0-26.51-21.49-48-48-48zm0 48v40.805c-22.422 18.259-58.168 46.651-134.587 106.49-16.841 13.247-50.201 45.072-73.413 44.701-23.208.375-56.579-31.459-73.413-44.701C106.18 199.465 70.425 171.067 48 152.805V112h416zM48 400V214.398c22.914 18.251 55.409 43.862 104.938 82.646 21.857 17.205 60.134 55.186 103.062 54.955 42.717.231 80.509-37.199 103.053-54.947 49.528-38.783 82.032-64.401 104.947-82.653V400H48z\"><\/path><\/svg>\t\t\t\t\t\t<\/span>\n\t\t\t\t\t\t\t\t\t\t<span class=\"elementor-icon-list-text\">woshuscp@gmail.com<\/span>\n\t\t\t\t\t\t\t\t\t\t\t<\/a>\n\t\t\t\t\t\t\t\t\t<\/li>\n\t\t\t\t\t\t<\/ul>\n\t\t\t\t\t\t<\/div>\n\t\t\t\t<\/div>\n\t\t\t\t\t<\/div>\n\t\t\t\t<\/div>\n\t\t\t\t<\/div>","protected":false},"excerpt":{"rendered":"<p>Contacta con nosotros \u00bfTienes alguna duda? Si te gustar\u00eda ponerte en contacto con nosotros o tienes cualquier duda, no lo dudes y cont\u00e1ctanos.\u00a0 Te ayudaremos en todo lo que sea posible para que puedas disfrutar de tu experiencia Woshu. Horarios: Mi\u00e9rcoles a lunes 12:00 &#8211; 15:00, 19:00-00:00 Martes cerrado 633 32 70 18 woshuscp@gmail.com<\/p>","protected":false},"author":1,"featured_media":0,"parent":0,"menu_order":0,"comment_status":"closed","ping_status":"closed","template":"elementor_theme","meta":{"footnotes":""},"class_list":["post-336","page","type-page","status-publish","hentry"],"yoast_head":"<!-- This site is optimized with the Yoast SEO plugin v26.9 - https:\/\/yoast.com\/product\/yoast-seo-wordpress\/ -->\n<title>P\u00e1gina de contacto - Woshu<\/title>\n<meta name=\"description\" content=\"\u00bfNecesitas ponerte en contacto con el equipo de Woshu? Aqu\u00ed tienes nuestros datos de contacto \u00a1Nos comunicaremos contigo cuanto antes!\" \/>\n<meta name=\"robots\" content=\"index, follow, max-snippet:-1, max-image-preview:large, max-video-preview:-1\" \/>\n<link rel=\"canonical\" href=\"https:\/\/woshu.es\/ca\/contacto\/\" \/>\n<meta property=\"og:locale\" content=\"ca_ES\" \/>\n<meta property=\"og:type\" content=\"article\" \/>\n<meta property=\"og:title\" content=\"P\u00e1gina de contacto - Woshu\" \/>\n<meta property=\"og:description\" content=\"\u00bfNecesitas ponerte en contacto con el equipo de Woshu? Aqu\u00ed tienes nuestros datos de contacto \u00a1Nos comunicaremos contigo cuanto antes!\" \/>\n<meta property=\"og:url\" content=\"https:\/\/woshu.es\/ca\/contacto\/\" \/>\n<meta property=\"og:site_name\" content=\"Woshu\" \/>\n<meta property=\"article:modified_time\" content=\"2026-02-20T08:24:50+00:00\" \/>\n<meta name=\"twitter:card\" content=\"summary_large_image\" \/>\n<meta name=\"twitter:label1\" content=\"Temps estimat de lectura\" \/>\n\t<meta name=\"twitter:data1\" content=\"1 minut\" \/>\n<script type=\"application\/ld+json\" class=\"yoast-schema-graph\">{\"@context\":\"https:\/\/schema.org\",\"@graph\":[{\"@type\":\"WebPage\",\"@id\":\"https:\/\/woshu.es\/contacto\/\",\"url\":\"https:\/\/woshu.es\/contacto\/\",\"name\":\"P\u00e1gina de contacto - Woshu\",\"isPartOf\":{\"@id\":\"https:\/\/woshu.es\/#website\"},\"datePublished\":\"2026-01-25T20:20:40+00:00\",\"dateModified\":\"2026-02-20T08:24:50+00:00\",\"description\":\"\u00bfNecesitas ponerte en contacto con el equipo de Woshu? Aqu\u00ed tienes nuestros datos de contacto \u00a1Nos comunicaremos contigo cuanto antes!\",\"breadcrumb\":{\"@id\":\"https:\/\/woshu.es\/contacto\/#breadcrumb\"},\"inLanguage\":\"ca\",\"potentialAction\":[{\"@type\":\"ReadAction\",\"target\":[\"https:\/\/woshu.es\/contacto\/\"]}]},{\"@type\":\"BreadcrumbList\",\"@id\":\"https:\/\/woshu.es\/contacto\/#breadcrumb\",\"itemListElement\":[{\"@type\":\"ListItem\",\"position\":1,\"name\":\"Portada\",\"item\":\"https:\/\/woshu.es\/\"},{\"@type\":\"ListItem\",\"position\":2,\"name\":\"contacto\"}]},{\"@type\":\"WebSite\",\"@id\":\"https:\/\/woshu.es\/#website\",\"url\":\"https:\/\/woshu.es\/\",\"name\":\"Woshu\",\"description\":\"\",\"publisher\":{\"@id\":\"https:\/\/woshu.es\/#organization\"},\"potentialAction\":[{\"@type\":\"SearchAction\",\"target\":{\"@type\":\"EntryPoint\",\"urlTemplate\":\"https:\/\/woshu.es\/?s={search_term_string}\"},\"query-input\":{\"@type\":\"PropertyValueSpecification\",\"valueRequired\":true,\"valueName\":\"search_term_string\"}}],\"inLanguage\":\"ca\"},{\"@type\":\"Organization\",\"@id\":\"https:\/\/woshu.es\/#organization\",\"name\":\"Woshu\",\"url\":\"https:\/\/woshu.es\/\",\"logo\":{\"@type\":\"ImageObject\",\"inLanguage\":\"ca\",\"@id\":\"https:\/\/woshu.es\/#\/schema\/logo\/image\/\",\"url\":\"https:\/\/woshu.es\/wp-content\/uploads\/2026\/01\/cropped-woshu-logo.png\",\"contentUrl\":\"https:\/\/woshu.es\/wp-content\/uploads\/2026\/01\/cropped-woshu-logo.png\",\"width\":150,\"height\":43,\"caption\":\"Woshu\"},\"image\":{\"@id\":\"https:\/\/woshu.es\/#\/schema\/logo\/image\/\"}}]}<\/script>\n<!-- \/ Yoast SEO plugin. -->","yoast_head_json":{"title":"P\u00e1gina de contacto - Woshu","description":"\u00bfNecesitas ponerte en contacto con el equipo de Woshu? Aqu\u00ed tienes nuestros datos de contacto \u00a1Nos comunicaremos contigo cuanto antes!","robots":{"index":"index","follow":"follow","max-snippet":"max-snippet:-1","max-image-preview":"max-image-preview:large","max-video-preview":"max-video-preview:-1"},"canonical":"https:\/\/woshu.es\/ca\/contacto\/","og_locale":"ca_ES","og_type":"article","og_title":"P\u00e1gina de contacto - Woshu","og_description":"\u00bfNecesitas ponerte en contacto con el equipo de Woshu? Aqu\u00ed tienes nuestros datos de contacto \u00a1Nos comunicaremos contigo cuanto antes!","og_url":"https:\/\/woshu.es\/ca\/contacto\/","og_site_name":"Woshu","article_modified_time":"2026-02-20T08:24:50+00:00","twitter_card":"summary_large_image","twitter_misc":{"Temps estimat de lectura":"1 minut"},"schema":{"@context":"https:\/\/schema.org","@graph":[{"@type":"WebPage","@id":"https:\/\/woshu.es\/contacto\/","url":"https:\/\/woshu.es\/contacto\/","name":"P\u00e1gina de contacto - Woshu","isPartOf":{"@id":"https:\/\/woshu.es\/#website"},"datePublished":"2026-01-25T20:20:40+00:00","dateModified":"2026-02-20T08:24:50+00:00","description":"\u00bfNecesitas ponerte en contacto con el equipo de Woshu? Aqu\u00ed tienes nuestros datos de contacto \u00a1Nos comunicaremos contigo cuanto antes!","breadcrumb":{"@id":"https:\/\/woshu.es\/contacto\/#breadcrumb"},"inLanguage":"ca","potentialAction":[{"@type":"ReadAction","target":["https:\/\/woshu.es\/contacto\/"]}]},{"@type":"BreadcrumbList","@id":"https:\/\/woshu.es\/contacto\/#breadcrumb","itemListElement":[{"@type":"ListItem","position":1,"name":"Portada","item":"https:\/\/woshu.es\/"},{"@type":"ListItem","position":2,"name":"contacto"}]},{"@type":"WebSite","@id":"https:\/\/woshu.es\/#website","url":"https:\/\/woshu.es\/","name":"Woshu","description":"","publisher":{"@id":"https:\/\/woshu.es\/#organization"},"potentialAction":[{"@type":"SearchAction","target":{"@type":"EntryPoint","urlTemplate":"https:\/\/woshu.es\/?s={search_term_string}"},"query-input":{"@type":"PropertyValueSpecification","valueRequired":true,"valueName":"search_term_string"}}],"inLanguage":"ca"},{"@type":"Organization","@id":"https:\/\/woshu.es\/#organization","name":"Woshu","url":"https:\/\/woshu.es\/","logo":{"@type":"ImageObject","inLanguage":"ca","@id":"https:\/\/woshu.es\/#\/schema\/logo\/image\/","url":"https:\/\/woshu.es\/wp-content\/uploads\/2026\/01\/cropped-woshu-logo.png","contentUrl":"https:\/\/woshu.es\/wp-content\/uploads\/2026\/01\/cropped-woshu-logo.png","width":150,"height":43,"caption":"Woshu"},"image":{"@id":"https:\/\/woshu.es\/#\/schema\/logo\/image\/"}}]}},"_links":{"self":[{"href":"https:\/\/woshu.es\/ca\/wp-json\/wp\/v2\/pages\/336","targetHints":{"allow":["GET"]}}],"collection":[{"href":"https:\/\/woshu.es\/ca\/wp-json\/wp\/v2\/pages"}],"about":[{"href":"https:\/\/woshu.es\/ca\/wp-json\/wp\/v2\/types\/page"}],"author":[{"embeddable":true,"href":"https:\/\/woshu.es\/ca\/wp-json\/wp\/v2\/users\/1"}],"replies":[{"embeddable":true,"href":"https:\/\/woshu.es\/ca\/wp-json\/wp\/v2\/comments?post=336"}],"version-history":[{"count":40,"href":"https:\/\/woshu.es\/ca\/wp-json\/wp\/v2\/pages\/336\/revisions"}],"predecessor-version":[{"id":1147,"href":"https:\/\/woshu.es\/ca\/wp-json\/wp\/v2\/pages\/336\/revisions\/1147"}],"wp:attachment":[{"href":"https:\/\/woshu.es\/ca\/wp-json\/wp\/v2\/media?parent=336"}],"curies":[{"name":"wp","href":"https:\/\/api.w.org\/{rel}","templated":true}]}}