{"id":348,"date":"2026-01-26T18:15:31","date_gmt":"2026-01-26T18:15:31","guid":{"rendered":"https:\/\/woshu.es\/?page_id=348"},"modified":"2026-02-09T11:19:53","modified_gmt":"2026-02-09T11:19:53","slug":"sobre-nosotros","status":"publish","type":"page","link":"https:\/\/woshu.es\/es\/sobre-nosotros\/","title":{"rendered":"sobre nosotros"},"content":{"rendered":"\t\t<div data-elementor-type=\"wp-page\" data-elementor-id=\"348\" class=\"elementor elementor-348\" data-elementor-post-type=\"page\">\n\t\t\t\t<div class=\"elementor-element elementor-element-6adc942 e-flex e-con-boxed e-con e-parent\" data-id=\"6adc942\" data-element_type=\"container\" data-e-type=\"container\" data-settings=\"{&quot;background_background&quot;:&quot;slideshow&quot;,&quot;background_slideshow_gallery&quot;:[{&quot;id&quot;:1023,&quot;url&quot;:&quot;https:\\\/\\\/woshu.es\\\/wp-content\\\/uploads\\\/2026\\\/02\\\/futomaki-portada.webp&quot;},{&quot;id&quot;:1022,&quot;url&quot;:&quot;https:\\\/\\\/woshu.es\\\/wp-content\\\/uploads\\\/2026\\\/02\\\/gyoza-frita-portada.webp&quot;},{&quot;id&quot;:1024,&quot;url&quot;:&quot;https:\\\/\\\/woshu.es\\\/wp-content\\\/uploads\\\/2026\\\/02\\\/wok-portada.jpg&quot;}],&quot;background_slideshow_ken_burns&quot;:&quot;yes&quot;,&quot;background_slideshow_loop&quot;:&quot;yes&quot;,&quot;background_slideshow_slide_duration&quot;:5000,&quot;background_slideshow_slide_transition&quot;:&quot;fade&quot;,&quot;background_slideshow_transition_duration&quot;:500,&quot;background_slideshow_ken_burns_zoom_direction&quot;:&quot;in&quot;}\">\n\t\t\t\t\t<div class=\"e-con-inner\">\n\t\t<div class=\"elementor-element elementor-element-171762e e-con-full e-flex e-con e-child\" data-id=\"171762e\" data-element_type=\"container\" data-e-type=\"container\">\n\t\t\t\t<div class=\"elementor-element elementor-element-498a39c elementor-widget elementor-widget-heading\" data-id=\"498a39c\" data-element_type=\"widget\" data-e-type=\"widget\" data-widget_type=\"heading.default\">\n\t\t\t\t\t<h1 class=\"elementor-heading-title elementor-size-default\">Descubre qu\u00e9 es Woshu<\/h1>\t\t\t\t<\/div>\n\t\t\t\t<\/div>\n\t\t\t\t\t<\/div>\n\t\t\t\t<\/div>\n\t\t<div class=\"elementor-element elementor-element-c855edc e-flex e-con-boxed e-con e-parent\" data-id=\"c855edc\" data-element_type=\"container\" data-e-type=\"container\">\n\t\t\t\t\t<div class=\"e-con-inner\">\n\t\t<div class=\"elementor-element elementor-element-1fbe65c e-con-full e-flex e-con e-child\" data-id=\"1fbe65c\" data-element_type=\"container\" data-e-type=\"container\">\n\t\t\t\t<div class=\"elementor-element elementor-element-68f7af5 elementor-widget elementor-widget-heading\" data-id=\"68f7af5\" data-element_type=\"widget\" data-e-type=\"widget\" data-widget_type=\"heading.default\">\n\t\t\t\t\t<h2 class=\"elementor-heading-title elementor-size-default\">Nuestro take away en T\u00e1rrega te ofrece todo lo que buscas<\/h2>\t\t\t\t<\/div>\n\t\t\t\t<div class=\"elementor-element elementor-element-653ef5b elementor-widget elementor-widget-text-editor\" data-id=\"653ef5b\" data-element_type=\"widget\" data-e-type=\"widget\" data-widget_type=\"text-editor.default\">\n\t\t\t\t\t\t\t\t\t<p data-start=\"139\" data-end=\"464\">Woshu naci\u00f3 con una idea muy clara: acercar la aut\u00e9ntica cocina asi\u00e1tica a tu d\u00eda a d\u00eda de una forma c\u00f3moda, accesible y llena de sabor. Quer\u00edamos crear un takeaway diferente en T\u00e1rrega, donde disfrutar de platos asi\u00e1ticos de calidad no fuera algo puntual, sino una experiencia que pudieras repetir siempre que te apeteciera.<\/p><p data-start=\"466\" data-end=\"825\">Nuestra inspiraci\u00f3n viene de los viajes, de los mercados callejeros de Asia y de esas recetas que conquistan por su aroma, sus colores y su equilibrio de sabores. Por eso, en Woshu apostamos por platos que combinan tradici\u00f3n y creatividad, elaborados con ingredientes frescos y seleccionados, cuidando cada detalle desde la cocina hasta que llega a tus manos.<\/p><p data-start=\"827\" data-end=\"1164\">Nuestra filosof\u00eda se basa en ofrecer variedad, calidad y libertad de elecci\u00f3n. Creemos que cada persona tiene su propio gusto, por eso dise\u00f1amos una carta pensada para todos los paladares y la posibilidad de personalizar tu plato a tu manera. Queremos que cada visita a Woshu sea distinta, que pruebes, descubras y disfrutes sin l\u00edmites.<\/p><p data-start=\"1166\" data-end=\"1401\">En Woshu no solo cocinamos comida, cocinamos experiencias. Nuestro prop\u00f3sito es que, con cada bocado, sientas que viajas por Asia sin salir de casa, disfrutando de sabores ex\u00f3ticos, precios justos y una cocina honesta hecha con pasi\u00f3n.<\/p>\t\t\t\t\t\t\t\t<\/div>\n\t\t\t\t<div class=\"elementor-element elementor-element-6552b5e elementor-mobile-align-center elementor-widget elementor-widget-button\" data-id=\"6552b5e\" data-element_type=\"widget\" data-e-type=\"widget\" data-widget_type=\"button.default\">\n\t\t\t\t\t\t\t\t\t\t<a class=\"elementor-button elementor-button-link elementor-size-sm\" href=\"https:\/\/woshu.es\/es\/carta\/\">\n\t\t\t\t\t\t<span class=\"elementor-button-content-wrapper\">\n\t\t\t\t\t\t\t\t\t<span class=\"elementor-button-text\">Descubre nuestra carta<\/span>\n\t\t\t\t\t<\/span>\n\t\t\t\t\t<\/a>\n\t\t\t\t\t\t\t\t<\/div>\n\t\t\t\t<\/div>\n\t\t<div class=\"elementor-element elementor-element-689e883 e-con-full e-flex e-con e-child\" data-id=\"689e883\" data-element_type=\"container\" data-e-type=\"container\" data-settings=\"{&quot;background_background&quot;:&quot;classic&quot;}\">\n\t\t\t\t<div class=\"elementor-element elementor-element-ab8bb70 elementor-widget elementor-widget-spacer\" data-id=\"ab8bb70\" data-element_type=\"widget\" data-e-type=\"widget\" data-widget_type=\"spacer.default\">\n\t\t\t\t\t\t\t<div class=\"elementor-spacer\">\n\t\t\t<div class=\"elementor-spacer-inner\"><\/div>\n\t\t<\/div>\n\t\t\t\t\t\t<\/div>\n\t\t\t\t<div class=\"elementor-element elementor-element-0c44ba0 elementor-widget elementor-widget-image\" data-id=\"0c44ba0\" data-element_type=\"widget\" data-e-type=\"widget\" data-widget_type=\"image.default\">\n\t\t\t\t\t\t\t\t\t\t\t\t\t\t\t<img fetchpriority=\"high\" decoding=\"async\" width=\"500\" height=\"800\" src=\"https:\/\/woshu.es\/wp-content\/uploads\/2026\/02\/woshu-restaurante.jpg\" class=\"attachment-full size-full wp-image-1121\" alt=\"woshu restaurante\" srcset=\"https:\/\/woshu.es\/wp-content\/uploads\/2026\/02\/woshu-restaurante.jpg 500w, https:\/\/woshu.es\/wp-content\/uploads\/2026\/02\/woshu-restaurante-188x300.jpg 188w, https:\/\/woshu.es\/wp-content\/uploads\/2026\/02\/woshu-restaurante-8x12.jpg 8w\" sizes=\"(max-width: 500px) 100vw, 500px\" \/>\t\t\t\t\t\t\t\t\t\t\t\t\t\t\t<\/div>\n\t\t\t\t<\/div>\n\t\t\t\t\t<\/div>\n\t\t\t\t<\/div>\n\t\t\t\t<\/div>\n\t\t","protected":false},"excerpt":{"rendered":"<p>Descubre qu\u00e9 es Woshu Nuestro take away en T\u00e1rrega te ofrece todo lo que buscas Woshu naci\u00f3 con una idea muy clara: acercar la aut\u00e9ntica cocina asi\u00e1tica a tu d\u00eda a d\u00eda de una forma c\u00f3moda, accesible y llena de sabor. Quer\u00edamos crear un takeaway diferente en T\u00e1rrega, donde disfrutar de platos asi\u00e1ticos de calidad [&hellip;]<\/p>\n","protected":false},"author":1,"featured_media":0,"parent":0,"menu_order":0,"comment_status":"closed","ping_status":"closed","template":"elementor_theme","meta":{"footnotes":""},"class_list":["post-348","page","type-page","status-publish","hentry"],"yoast_head":"<!-- This site is optimized with the Yoast SEO plugin v26.9 - https:\/\/yoast.com\/product\/yoast-seo-wordpress\/ -->\n<title>Descubre que es Woshu - About us<\/title>\n<meta name=\"description\" content=\"Descubre que es Woshu y cu\u00e1l es nuestro prop\u00f3sito. Esto es mucho m\u00e1s que un simple take away \u00a1No te lo pierdas!\" \/>\n<meta name=\"robots\" content=\"index, follow, max-snippet:-1, max-image-preview:large, max-video-preview:-1\" \/>\n<link rel=\"canonical\" href=\"https:\/\/woshu.es\/es\/sobre-nosotros\/\" \/>\n<meta property=\"og:locale\" content=\"es_ES\" \/>\n<meta property=\"og:type\" content=\"article\" \/>\n<meta property=\"og:title\" content=\"Descubre que es Woshu - About us\" \/>\n<meta property=\"og:description\" content=\"Descubre que es Woshu y cu\u00e1l es nuestro prop\u00f3sito. Esto es mucho m\u00e1s que un simple take away \u00a1No te lo pierdas!\" \/>\n<meta property=\"og:url\" content=\"https:\/\/woshu.es\/es\/sobre-nosotros\/\" \/>\n<meta property=\"og:site_name\" content=\"Woshu\" \/>\n<meta property=\"article:modified_time\" content=\"2026-02-09T11:19:53+00:00\" \/>\n<meta property=\"og:image\" content=\"https:\/\/woshu.es\/wp-content\/uploads\/2026\/02\/woshu-restaurante.jpg\" \/>\n\t<meta property=\"og:image:width\" content=\"500\" \/>\n\t<meta property=\"og:image:height\" content=\"800\" \/>\n\t<meta property=\"og:image:type\" content=\"image\/jpeg\" \/>\n<meta name=\"twitter:card\" content=\"summary_large_image\" \/>\n<meta name=\"twitter:label1\" content=\"Tiempo de lectura\" \/>\n\t<meta name=\"twitter:data1\" content=\"2 minutos\" \/>\n<script type=\"application\/ld+json\" class=\"yoast-schema-graph\">{\"@context\":\"https:\/\/schema.org\",\"@graph\":[{\"@type\":\"WebPage\",\"@id\":\"https:\/\/woshu.es\/sobre-nosotros\/\",\"url\":\"https:\/\/woshu.es\/sobre-nosotros\/\",\"name\":\"Descubre que es Woshu - About us\",\"isPartOf\":{\"@id\":\"https:\/\/woshu.es\/#website\"},\"primaryImageOfPage\":{\"@id\":\"https:\/\/woshu.es\/sobre-nosotros\/#primaryimage\"},\"image\":{\"@id\":\"https:\/\/woshu.es\/sobre-nosotros\/#primaryimage\"},\"thumbnailUrl\":\"https:\/\/woshu.es\/wp-content\/uploads\/2026\/02\/woshu-restaurante.jpg\",\"datePublished\":\"2026-01-26T18:15:31+00:00\",\"dateModified\":\"2026-02-09T11:19:53+00:00\",\"description\":\"Descubre que es Woshu y cu\u00e1l es nuestro prop\u00f3sito. Esto es mucho m\u00e1s que un simple take away \u00a1No te lo pierdas!\",\"breadcrumb\":{\"@id\":\"https:\/\/woshu.es\/sobre-nosotros\/#breadcrumb\"},\"inLanguage\":\"es\",\"potentialAction\":[{\"@type\":\"ReadAction\",\"target\":[\"https:\/\/woshu.es\/sobre-nosotros\/\"]}]},{\"@type\":\"ImageObject\",\"inLanguage\":\"es\",\"@id\":\"https:\/\/woshu.es\/sobre-nosotros\/#primaryimage\",\"url\":\"https:\/\/woshu.es\/wp-content\/uploads\/2026\/02\/woshu-restaurante.jpg\",\"contentUrl\":\"https:\/\/woshu.es\/wp-content\/uploads\/2026\/02\/woshu-restaurante.jpg\"},{\"@type\":\"BreadcrumbList\",\"@id\":\"https:\/\/woshu.es\/sobre-nosotros\/#breadcrumb\",\"itemListElement\":[{\"@type\":\"ListItem\",\"position\":1,\"name\":\"Portada\",\"item\":\"https:\/\/woshu.es\/\"},{\"@type\":\"ListItem\",\"position\":2,\"name\":\"sobre nosotros\"}]},{\"@type\":\"WebSite\",\"@id\":\"https:\/\/woshu.es\/#website\",\"url\":\"https:\/\/woshu.es\/\",\"name\":\"Woshu\",\"description\":\"\",\"publisher\":{\"@id\":\"https:\/\/woshu.es\/#organization\"},\"potentialAction\":[{\"@type\":\"SearchAction\",\"target\":{\"@type\":\"EntryPoint\",\"urlTemplate\":\"https:\/\/woshu.es\/?s={search_term_string}\"},\"query-input\":{\"@type\":\"PropertyValueSpecification\",\"valueRequired\":true,\"valueName\":\"search_term_string\"}}],\"inLanguage\":\"es\"},{\"@type\":\"Organization\",\"@id\":\"https:\/\/woshu.es\/#organization\",\"name\":\"Woshu\",\"url\":\"https:\/\/woshu.es\/\",\"logo\":{\"@type\":\"ImageObject\",\"inLanguage\":\"es\",\"@id\":\"https:\/\/woshu.es\/#\/schema\/logo\/image\/\",\"url\":\"https:\/\/woshu.es\/wp-content\/uploads\/2026\/01\/cropped-woshu-logo.png\",\"contentUrl\":\"https:\/\/woshu.es\/wp-content\/uploads\/2026\/01\/cropped-woshu-logo.png\",\"width\":150,\"height\":43,\"caption\":\"Woshu\"},\"image\":{\"@id\":\"https:\/\/woshu.es\/#\/schema\/logo\/image\/\"}}]}<\/script>\n<!-- \/ Yoast SEO plugin. -->","yoast_head_json":{"title":"Descubre que es Woshu - About us","description":"Descubre que es Woshu y cu\u00e1l es nuestro prop\u00f3sito. Esto es mucho m\u00e1s que un simple take away \u00a1No te lo pierdas!","robots":{"index":"index","follow":"follow","max-snippet":"max-snippet:-1","max-image-preview":"max-image-preview:large","max-video-preview":"max-video-preview:-1"},"canonical":"https:\/\/woshu.es\/es\/sobre-nosotros\/","og_locale":"es_ES","og_type":"article","og_title":"Descubre que es Woshu - About us","og_description":"Descubre que es Woshu y cu\u00e1l es nuestro prop\u00f3sito. Esto es mucho m\u00e1s que un simple take away \u00a1No te lo pierdas!","og_url":"https:\/\/woshu.es\/es\/sobre-nosotros\/","og_site_name":"Woshu","article_modified_time":"2026-02-09T11:19:53+00:00","og_image":[{"width":500,"height":800,"url":"https:\/\/woshu.es\/wp-content\/uploads\/2026\/02\/woshu-restaurante.jpg","type":"image\/jpeg"}],"twitter_card":"summary_large_image","twitter_misc":{"Tiempo de lectura":"2 minutos"},"schema":{"@context":"https:\/\/schema.org","@graph":[{"@type":"WebPage","@id":"https:\/\/woshu.es\/sobre-nosotros\/","url":"https:\/\/woshu.es\/sobre-nosotros\/","name":"Descubre que es Woshu - About us","isPartOf":{"@id":"https:\/\/woshu.es\/#website"},"primaryImageOfPage":{"@id":"https:\/\/woshu.es\/sobre-nosotros\/#primaryimage"},"image":{"@id":"https:\/\/woshu.es\/sobre-nosotros\/#primaryimage"},"thumbnailUrl":"https:\/\/woshu.es\/wp-content\/uploads\/2026\/02\/woshu-restaurante.jpg","datePublished":"2026-01-26T18:15:31+00:00","dateModified":"2026-02-09T11:19:53+00:00","description":"Descubre que es Woshu y cu\u00e1l es nuestro prop\u00f3sito. Esto es mucho m\u00e1s que un simple take away \u00a1No te lo pierdas!","breadcrumb":{"@id":"https:\/\/woshu.es\/sobre-nosotros\/#breadcrumb"},"inLanguage":"es","potentialAction":[{"@type":"ReadAction","target":["https:\/\/woshu.es\/sobre-nosotros\/"]}]},{"@type":"ImageObject","inLanguage":"es","@id":"https:\/\/woshu.es\/sobre-nosotros\/#primaryimage","url":"https:\/\/woshu.es\/wp-content\/uploads\/2026\/02\/woshu-restaurante.jpg","contentUrl":"https:\/\/woshu.es\/wp-content\/uploads\/2026\/02\/woshu-restaurante.jpg"},{"@type":"BreadcrumbList","@id":"https:\/\/woshu.es\/sobre-nosotros\/#breadcrumb","itemListElement":[{"@type":"ListItem","position":1,"name":"Portada","item":"https:\/\/woshu.es\/"},{"@type":"ListItem","position":2,"name":"sobre nosotros"}]},{"@type":"WebSite","@id":"https:\/\/woshu.es\/#website","url":"https:\/\/woshu.es\/","name":"Woshu","description":"","publisher":{"@id":"https:\/\/woshu.es\/#organization"},"potentialAction":[{"@type":"SearchAction","target":{"@type":"EntryPoint","urlTemplate":"https:\/\/woshu.es\/?s={search_term_string}"},"query-input":{"@type":"PropertyValueSpecification","valueRequired":true,"valueName":"search_term_string"}}],"inLanguage":"es"},{"@type":"Organization","@id":"https:\/\/woshu.es\/#organization","name":"Woshu","url":"https:\/\/woshu.es\/","logo":{"@type":"ImageObject","inLanguage":"es","@id":"https:\/\/woshu.es\/#\/schema\/logo\/image\/","url":"https:\/\/woshu.es\/wp-content\/uploads\/2026\/01\/cropped-woshu-logo.png","contentUrl":"https:\/\/woshu.es\/wp-content\/uploads\/2026\/01\/cropped-woshu-logo.png","width":150,"height":43,"caption":"Woshu"},"image":{"@id":"https:\/\/woshu.es\/#\/schema\/logo\/image\/"}}]}},"_links":{"self":[{"href":"https:\/\/woshu.es\/es\/wp-json\/wp\/v2\/pages\/348","targetHints":{"allow":["GET"]}}],"collection":[{"href":"https:\/\/woshu.es\/es\/wp-json\/wp\/v2\/pages"}],"about":[{"href":"https:\/\/woshu.es\/es\/wp-json\/wp\/v2\/types\/page"}],"author":[{"embeddable":true,"href":"https:\/\/woshu.es\/es\/wp-json\/wp\/v2\/users\/1"}],"replies":[{"embeddable":true,"href":"https:\/\/woshu.es\/es\/wp-json\/wp\/v2\/comments?post=348"}],"version-history":[{"count":28,"href":"https:\/\/woshu.es\/es\/wp-json\/wp\/v2\/pages\/348\/revisions"}],"predecessor-version":[{"id":1127,"href":"https:\/\/woshu.es\/es\/wp-json\/wp\/v2\/pages\/348\/revisions\/1127"}],"wp:attachment":[{"href":"https:\/\/woshu.es\/es\/wp-json\/wp\/v2\/media?parent=348"}],"curies":[{"name":"wp","href":"https:\/\/api.w.org\/{rel}","templated":true}]}}